{"id":1038,"date":"2026-03-12T15:46:15","date_gmt":"2026-03-12T14:46:15","guid":{"rendered":"https:\/\/eosgmbh.com\/?page_id=1038"},"modified":"2026-03-31T15:46:02","modified_gmt":"2026-03-31T13:46:02","slug":"academy","status":"publish","type":"page","link":"https:\/\/eosgmbh.com\/en\/academy\/","title":{"rendered":"Academy"},"content":{"rendered":"<section class=\"wp-block-group alignfull hero-section has-secondary-gradient-gradient-background has-background has-global-padding is-layout-constrained wp-block-group-is-layout-constrained\">\n<div style=\"height:100px\" aria-hidden=\"true\" class=\"wp-block-spacer is-style-m\"><\/div>\n\n\n\n<div class=\"wp-block-group alignwide content-wrapper is-content-justification-space-between is-nowrap is-layout-flex wp-container-core-group-is-layout-8064beb2 wp-block-group-is-layout-flex\" style=\"padding-right:20px;padding-left:20px\">\n<div class=\"wp-block-group content-wrapper-left wp-container-content-6511ad4a is-layout-flex wp-block-group-is-layout-flex\">\n<div class=\"wp-block-group is-vertical is-layout-flex wp-container-core-group-is-layout-634a1b30 wp-block-group-is-layout-flex\">\n<p class=\"has-contrast-color has-text-color has-link-color wp-elements-b5f9b218f35b6fd169082021acabcc6c\" style=\"font-size:clamp(14px, 0.875rem + ((1vw - 3.2px) * 0.473), 18px);font-style:normal;font-weight:600\">EOS Academy<\/p>\n\n\n\n<h1 class=\"wp-block-heading has-base-color has-text-color has-link-color has-h-1-font-size wp-elements-e4fd04c82608b2a9c5ff560a505dc10b wp-container-content-958eb9dc\">Resilience through competence<\/h1>\n<\/div>\n\n\n\n<p class=\"has-base-color has-text-color has-link-color wp-elements-ba8c3b5cae7cfe5ed0f88593046e0de5\" style=\"font-size:clamp(14px, 0.875rem + ((1vw - 3.2px) * 0.473), 18px);font-style:normal;font-weight:400\"><strong>Certificate courses and training<\/strong><br>Proven in practice. Compliant with standards. Reliable implementation.<\/p>\n\n\n\n<div style=\"height:100px;width:0px\" aria-hidden=\"true\" class=\"wp-block-spacer is-style-xxs wp-container-content-958eb9dc\"><\/div>\n\n\n\n<div class=\"wp-block-buttons is-layout-flex wp-block-buttons-is-layout-flex\">\n<div class=\"wp-block-button is-style-is-arrow-button\"><a class=\"wp-block-button__link has-primary-gradient-gradient-background has-background wp-element-button\" href=\"#schulungen\" style=\"border-top-left-radius:5px;border-top-right-radius:5px;border-bottom-left-radius:5px;border-bottom-right-radius:5px;padding-top:20px;padding-right:25px;padding-bottom:20px;padding-left:25px;font-style:normal;font-weight:600\">Discover training courses<\/a><\/div>\n<\/div>\n<\/div>\n\n\n\n<figure class=\"wp-block-image size-full wp-container-content-8eb0bdf3\"><img decoding=\"async\" width=\"572\" height=\"688\" src=\"http:\/\/eosgmbh.com\/wp-content\/uploads\/eos-academy-3d-.png\" alt=\"\" class=\"wp-image-1039\" srcset=\"https:\/\/eosgmbh.com\/wp-content\/uploads\/eos-academy-3d-.png 572w, https:\/\/eosgmbh.com\/wp-content\/uploads\/eos-academy-3d--249x300.png 249w, https:\/\/eosgmbh.com\/wp-content\/uploads\/eos-academy-3d--10x12.png 10w\" sizes=\"(max-width: 572px) 100vw, 572px\" \/><\/figure>\n<\/div>\n\n\n\n<div style=\"height:100px\" aria-hidden=\"true\" class=\"wp-block-spacer is-style-l\"><\/div>\n<\/section>\n\n\n\n<div style=\"height:100px\" aria-hidden=\"true\" class=\"wp-block-spacer is-style-l\"><\/div>\n\n\n\n<div class=\"wp-block-group has-global-padding is-layout-constrained wp-container-core-group-is-layout-bea02a06 wp-block-group-is-layout-constrained\">\n<div class=\"wp-block-group is-layout-flex wp-container-core-group-is-layout-31d6b126 wp-block-group-is-layout-flex\" style=\"padding-right:20px;padding-left:20px\">\n<h2 class=\"wp-block-heading has-h-5-font-size\">Our training courses are conducted by active CISOs, ISBs, ISMS and BCM managers.<\/h2>\n\n\n\n<p class=\"wp-container-content-958eb9dc\"><strong>What you can expect:<\/strong><\/p>\n\n\n\n<ul style=\"margin-top:0px;margin-bottom:0px\" class=\"wp-block-list is-style-is-check-list wp-container-content-958eb9dc\">\n<li>Lecturers with operational responsibility<\/li>\n\n\n\n<li>Real scenarios and case studies<\/li>\n\n\n\n<li>BSI- and ISO27001-oriented content<\/li>\n\n\n\n<li>Structured certificate courses<\/li>\n\n\n\n<li>German, English and Turkish<\/li>\n<\/ul>\n\n\n\n<div class=\"wp-block-buttons is-layout-flex wp-container-core-buttons-is-layout-00655e41 wp-block-buttons-is-layout-flex\" style=\"margin-top:10px\">\n<div class=\"wp-block-button is-style-is-arrow-button\"><a class=\"wp-block-button__link has-contrast-color has-transparent-background-color has-text-color has-background has-link-color wp-element-button\" href=\"#schulungen\" style=\"padding-right:0px;padding-left:0px;font-style:normal;font-weight:600\">Discover training courses<\/a><\/div>\n<\/div>\n<\/div>\n<\/div>\n\n\n\n<div style=\"height:100px\" aria-hidden=\"true\" class=\"wp-block-spacer is-style-l\"><\/div>\n\n\n\n<section id=\"schulungen\" class=\"wp-block-group has-lightgrey-background-color has-background has-global-padding is-layout-constrained wp-block-group-is-layout-constrained\" style=\"margin-top:0px;margin-bottom:0px\">\n<div style=\"height:100px\" aria-hidden=\"true\" class=\"wp-block-spacer is-style-m\"><\/div>\n\n\n\n<h2 class=\"wp-block-heading has-text-align-center has-primary-color has-text-color has-link-color has-h-2-font-size wp-elements-839df5ea0317e7f71f1a0dbb6edc28bc\" style=\"padding-right:20px;padding-left:20px\">Our training courses<\/h2>\n\n\n\n<div style=\"height:100px\" aria-hidden=\"true\" class=\"wp-block-spacer is-style-s\"><\/div>\n\n\n\n<div class=\"wp-block-group alignwide is-layout-grid wp-container-core-group-is-layout-39799c5e wp-block-group-is-layout-grid\" style=\"padding-right:20px;padding-left:20px\">\n<div class=\"wp-block-group has-secondary-gradient-gradient-background has-background is-layout-flex wp-container-core-group-is-layout-9f9a234d wp-block-group-is-layout-flex\" style=\"border-top-left-radius:5px;border-top-right-radius:5px;border-bottom-left-radius:5px;border-bottom-right-radius:5px;padding-top:40px;padding-right:40px;padding-bottom:40px;padding-left:40px\">\n<div class=\"wp-block-group is-vertical is-layout-flex wp-container-core-group-is-layout-91b54b4f wp-block-group-is-layout-flex\">\n<p class=\"has-contrast-color has-text-color has-link-color wp-elements-34bf36be46f5ed3883cd74e8e490e47d\" style=\"font-style:normal;font-weight:600\">Certificate course<\/p>\n\n\n\n<h2 class=\"wp-block-heading has-base-color has-text-color has-link-color has-h-4-font-size wp-elements-72f698a00147ffdf75cdaa9c1c0a90d7 wp-container-content-958eb9dc\">IT baseline protection practitioner<\/h2>\n\n\n\n<p class=\"has-base-color has-text-color has-link-color wp-elements-eaf45668ac07d9830195c3a0dca4158a\">Basic training in accordance with BSI standards 200-x<\/p>\n<\/div>\n\n\n\n<ul class=\"wp-block-list is-style-is-check-list-white has-base-color has-text-color has-link-color wp-elements-5bcce7a93b40fadf57a10003dc35b4b5\">\n<li>3-day online seminar incl. exam<\/li>\n\n\n\n<li>by practitioners for practitioners<\/li>\n\n\n\n<li>German. English. Turkish.<\/li>\n<\/ul>\n\n\n\n<div class=\"wp-block-buttons wp-container-content-958eb9dc is-content-justification-center is-layout-flex wp-container-core-buttons-is-layout-61fe217d wp-block-buttons-is-layout-flex\" style=\"margin-top:15px\">\n<div class=\"wp-block-button has-custom-width wp-block-button__width-100 is-style-is-arrow-button\"><a class=\"wp-block-button__link has-base-color has-primary-gradient-gradient-background has-text-color has-background has-link-color wp-element-button\" href=\"https:\/\/eosgmbh.com\/en\/training\/it-basic-protection-practitioner\/\" style=\"border-top-left-radius:5px;border-top-right-radius:5px;border-bottom-left-radius:5px;border-bottom-right-radius:5px;padding-top:20px;padding-right:20px;padding-bottom:20px;padding-left:20px;font-style:normal;font-weight:600\">Take part now<\/a><\/div>\n<\/div>\n<\/div>\n\n\n\n<div class=\"wp-block-group has-secondary-gradient-gradient-background has-background is-layout-flex wp-container-core-group-is-layout-9f9a234d wp-block-group-is-layout-flex\" style=\"border-top-left-radius:5px;border-top-right-radius:5px;border-bottom-left-radius:5px;border-bottom-right-radius:5px;padding-top:40px;padding-right:40px;padding-bottom:40px;padding-left:40px\">\n<div class=\"wp-block-group is-vertical is-layout-flex wp-container-core-group-is-layout-91b54b4f wp-block-group-is-layout-flex\">\n<p class=\"has-contrast-color has-text-color has-link-color wp-elements-34bf36be46f5ed3883cd74e8e490e47d\" style=\"font-style:normal;font-weight:600\">Certificate course<\/p>\n\n\n\n<h2 class=\"wp-block-heading has-base-color has-text-color has-link-color has-h-4-font-size wp-elements-701b44cfbb374eb325667cc8456c61d7 wp-container-content-958eb9dc\">BCM practitioner<\/h2>\n\n\n\n<p class=\"has-base-color has-text-color has-link-color wp-elements-0aaca611a052a2dbf0b6323ac4ff1e51\">Basic training in accordance with BSI Standard 200-4<\/p>\n<\/div>\n\n\n\n<ul class=\"wp-block-list is-style-is-check-list-white has-base-color has-text-color has-link-color wp-elements-5bcce7a93b40fadf57a10003dc35b4b5\">\n<li>3-day online seminar incl. exam<\/li>\n\n\n\n<li>by practitioners for practitioners<\/li>\n\n\n\n<li>German. English. Turkish.<\/li>\n<\/ul>\n\n\n\n<div class=\"wp-block-buttons wp-container-content-958eb9dc is-content-justification-center is-layout-flex wp-container-core-buttons-is-layout-61fe217d wp-block-buttons-is-layout-flex\" style=\"margin-top:15px\">\n<div class=\"wp-block-button has-custom-width wp-block-button__width-100 is-style-fill\"><a class=\"wp-block-button__link has-base-color has-primary-gradient-gradient-background has-text-color has-background has-link-color wp-element-button\" href=\"#termine\" style=\"border-top-left-radius:5px;border-top-right-radius:5px;border-bottom-left-radius:5px;border-bottom-right-radius:5px;padding-top:20px;padding-right:20px;padding-bottom:20px;padding-left:20px;font-style:normal;font-weight:600\">coming soon<\/a><\/div>\n<\/div>\n<\/div>\n<\/div>\n\n\n\n<div style=\"height:100px\" aria-hidden=\"true\" class=\"wp-block-spacer is-style-m\"><\/div>\n<\/section>\n\n\n\n<div style=\"height:100px\" aria-hidden=\"true\" class=\"wp-block-spacer is-style-l\"><\/div>\n\n\n\n<section class=\"wp-block-group alignwide is-layout-flex wp-block-group-is-layout-flex\" style=\"padding-right:20px;padding-left:20px\">\n<h2 class=\"wp-block-heading has-primary-color has-text-color has-link-color has-h-2-font-size wp-elements-7beacdf508796f846e59ca8cded61661 wp-container-content-958eb9dc\">Our speakers<\/h2>\n\n\n\n<div style=\"height:100px;width:0px\" aria-hidden=\"true\" class=\"wp-block-spacer is-style-xxs wp-container-content-958eb9dc\"><\/div>\n\n\n\n<div class=\"wp-block-group wp-container-content-958eb9dc is-layout-grid wp-container-core-group-is-layout-7b7a3b11 wp-block-group-is-layout-grid\">\n<div class=\"wp-block-group has-secondary-gradient-gradient-background has-background is-content-justification-center is-layout-flex wp-container-core-group-is-layout-11bb44e6 wp-block-group-is-layout-flex\" style=\"border-top-left-radius:5px;border-top-right-radius:5px;border-bottom-left-radius:5px;border-bottom-right-radius:5px;padding-top:30px;padding-right:30px;padding-bottom:30px;padding-left:30px\">\n<figure class=\"wp-block-image size-full has-custom-border wp-container-content-06f487a6\"><img decoding=\"async\" width=\"1381\" height=\"1381\" src=\"https:\/\/eosgmbh.com\/wp-content\/uploads\/reffgen.jpg\" alt=\"\" class=\"wp-image-1099\" style=\"border-top-left-radius:50%;border-top-right-radius:50%;border-bottom-left-radius:50%;border-bottom-right-radius:50%;aspect-ratio:1;object-fit:cover\" srcset=\"https:\/\/eosgmbh.com\/wp-content\/uploads\/reffgen.jpg 1381w, https:\/\/eosgmbh.com\/wp-content\/uploads\/reffgen-300x300.jpg 300w, https:\/\/eosgmbh.com\/wp-content\/uploads\/reffgen-1024x1024.jpg 1024w, https:\/\/eosgmbh.com\/wp-content\/uploads\/reffgen-150x150.jpg 150w, https:\/\/eosgmbh.com\/wp-content\/uploads\/reffgen-768x768.jpg 768w, https:\/\/eosgmbh.com\/wp-content\/uploads\/reffgen-12x12.jpg 12w\" sizes=\"(max-width: 1381px) 100vw, 1381px\" \/><\/figure>\n\n\n\n<h3 class=\"wp-block-heading has-text-align-center has-base-color has-text-color has-link-color wp-elements-b3c170546f4d6a21e82918316990c87f wp-container-content-958eb9dc\" style=\"margin-top:10px;font-size:clamp(14px, 0.875rem + ((1vw - 3.2px) * 0.473), 18px);\">Carsten Reffgen<\/h3>\n\n\n\n<p class=\"has-text-align-center has-contrast-color has-text-color has-link-color wp-elements-2922d1a06736100220775dd0371f2c45\" style=\"font-size:clamp(14px, 0.875rem + ((1vw - 3.2px) * 0.236), 16px);font-style:normal;font-weight:500\">Cyber security expert for 20 years<\/p>\n<\/div>\n\n\n\n<div class=\"wp-block-group has-secondary-gradient-gradient-background has-background is-content-justification-center is-layout-flex wp-container-core-group-is-layout-dfc35bbf wp-block-group-is-layout-flex\" style=\"border-top-left-radius:5px;border-top-right-radius:5px;border-bottom-left-radius:5px;border-bottom-right-radius:5px;min-height:0px;padding-top:30px;padding-right:30px;padding-bottom:30px;padding-left:30px\">\n<figure class=\"wp-block-image size-full has-custom-border wp-container-content-06f487a6\"><img decoding=\"async\" width=\"864\" height=\"864\" src=\"https:\/\/eos.webkonditorei.de\/wp-content\/uploads\/niklas-felber-eos.jpg\" alt=\"\" class=\"wp-image-277\" style=\"border-top-left-radius:50%;border-top-right-radius:50%;border-bottom-left-radius:50%;border-bottom-right-radius:50%;aspect-ratio:1;object-fit:cover\" srcset=\"https:\/\/eosgmbh.com\/wp-content\/uploads\/niklas-felber-eos.jpg 864w, https:\/\/eosgmbh.com\/wp-content\/uploads\/niklas-felber-eos-300x300.jpg 300w, https:\/\/eosgmbh.com\/wp-content\/uploads\/niklas-felber-eos-150x150.jpg 150w, https:\/\/eosgmbh.com\/wp-content\/uploads\/niklas-felber-eos-768x768.jpg 768w\" sizes=\"(max-width: 864px) 100vw, 864px\" \/><\/figure>\n\n\n\n<h3 class=\"wp-block-heading has-text-align-center has-base-color has-text-color has-link-color wp-elements-045b3886007139feeb98acb37908c134 wp-container-content-958eb9dc\" style=\"margin-top:10px;font-size:clamp(14px, 0.875rem + ((1vw - 3.2px) * 0.473), 18px);\">Niclas Felber<\/h3>\n\n\n\n<p class=\"has-text-align-center has-contrast-color has-text-color has-link-color wp-elements-23a84fa7fc528489b3c41e2490371cda\" style=\"font-size:clamp(14px, 0.875rem + ((1vw - 3.2px) * 0.236), 16px);font-style:normal;font-weight:500\">Security <br>Consultant<\/p>\n<\/div>\n\n\n\n<div class=\"wp-block-group has-secondary-gradient-gradient-background has-background is-content-justification-center is-layout-flex wp-container-core-group-is-layout-dfc35bbf wp-block-group-is-layout-flex\" style=\"border-top-left-radius:5px;border-top-right-radius:5px;border-bottom-left-radius:5px;border-bottom-right-radius:5px;padding-top:30px;padding-right:30px;padding-bottom:30px;padding-left:30px\">\n<figure class=\"wp-block-image size-full has-custom-border wp-container-content-06f487a6\"><img decoding=\"async\" width=\"800\" height=\"800\" src=\"https:\/\/eos.webkonditorei.de\/wp-content\/uploads\/ayhan-foto.jpg\" alt=\"The picture shows a man with short dark hair wearing a white shirt under a black blazer. He has a calm expression on his face and is standing in front of a dark, plain background.\" class=\"wp-image-947\" style=\"border-top-left-radius:50%;border-top-right-radius:50%;border-bottom-left-radius:50%;border-bottom-right-radius:50%;aspect-ratio:1;object-fit:cover\" srcset=\"https:\/\/eosgmbh.com\/wp-content\/uploads\/ayhan-foto.jpg 800w, https:\/\/eosgmbh.com\/wp-content\/uploads\/ayhan-foto-300x300.jpg 300w, https:\/\/eosgmbh.com\/wp-content\/uploads\/ayhan-foto-150x150.jpg 150w, https:\/\/eosgmbh.com\/wp-content\/uploads\/ayhan-foto-768x768.jpg 768w\" sizes=\"(max-width: 800px) 100vw, 800px\" \/><\/figure>\n\n\n\n<h3 class=\"wp-block-heading has-text-align-center has-base-color has-text-color has-link-color wp-elements-541491f1b2bdc4501381c4a8e99aa560 wp-container-content-958eb9dc\" style=\"margin-top:10px;font-size:clamp(14px, 0.875rem + ((1vw - 3.2px) * 0.473), 18px);\">Ayhan Dagli<\/h3>\n\n\n\n<p class=\"has-text-align-center has-contrast-color has-text-color has-link-color wp-elements-8a0418dc8256b9194ace81086a229657\" style=\"font-size:clamp(14px, 0.875rem + ((1vw - 3.2px) * 0.236), 16px);font-style:normal;font-weight:500\">Senior <br>Security Consultant<\/p>\n<\/div>\n<\/div>\n<\/section>\n\n\n\n<div style=\"height:120px\" aria-hidden=\"true\" class=\"wp-block-spacer is-style-l\"><\/div>\n\n\n\n<section class=\"wp-block-group has-secondary-gradient-gradient-background has-background has-global-padding is-layout-constrained wp-block-group-is-layout-constrained\">\n<div style=\"height:100%;width:0px\" aria-hidden=\"true\" class=\"wp-block-spacer is-style-m\"><\/div>\n\n\n\n<div class=\"wp-block-group alignwide logo-grid is-content-justification-space-between is-layout-flex wp-container-core-group-is-layout-904148cf wp-block-group-is-layout-flex\" style=\"padding-right:20px;padding-left:20px\">\n<p class=\"has-text-align-center has-base-color has-text-color has-link-color wp-elements-db1b07f827c2131d5df8ba3d66568839\">Competent and networked<\/p>\n\n\n\n<figure class=\"wp-block-image size-full\"><img decoding=\"async\" src=\"http:\/\/eosgmbh.com\/wp-content\/uploads\/logo-allianz-fuer-sicherheit.svg\" alt=\"\" class=\"wp-image-66\"\/><\/figure>\n\n\n\n<figure class=\"wp-block-image size-full\"><img decoding=\"async\" width=\"136\" height=\"62\" src=\"http:\/\/eosgmbh.com\/wp-content\/uploads\/cyber-security-cluster-bonn-logo.png\" alt=\"\" class=\"wp-image-65\"\/><\/figure>\n\n\n\n<figure class=\"wp-block-image size-full\"><img decoding=\"async\" width=\"183\" height=\"26\" src=\"http:\/\/eosgmbh.com\/wp-content\/uploads\/pecb-logo.png\" alt=\"\" class=\"wp-image-64\"\/><\/figure>\n\n\n\n<figure class=\"wp-block-image size-full\"><img decoding=\"async\" width=\"147\" height=\"60\" src=\"http:\/\/eosgmbh.com\/wp-content\/uploads\/cism-logo.png\" alt=\"\" class=\"wp-image-63\"\/><\/figure>\n<\/div>\n\n\n\n<div style=\"height:100%;width:0px\" aria-hidden=\"true\" class=\"wp-block-spacer is-style-m\"><\/div>\n<\/section>\n\n\n\n<section class=\"wp-block-group has-global-padding is-layout-constrained wp-block-group-is-layout-constrained\" style=\"margin-top:0px;margin-bottom:0px\">\n<div style=\"height:100px\" aria-hidden=\"true\" class=\"wp-block-spacer is-style-l\"><\/div>\n\n\n\n<div class=\"wp-block-group alignwide is-content-justification-space-between is-layout-flex wp-container-core-group-is-layout-2e4322ac wp-block-group-is-layout-flex\" style=\"padding-right:15px;padding-left:15px\">\n<figure class=\"wp-block-image size-full has-custom-border responive-img wp-container-content-432d1f4f\"><img decoding=\"async\" width=\"512\" height=\"648\" src=\"http:\/\/eosgmbh.com\/wp-content\/uploads\/eos-academy-hoodie-.jpg\" alt=\"\" class=\"wp-image-1040\" style=\"border-top-left-radius:5px;border-top-right-radius:5px;border-bottom-left-radius:5px;border-bottom-right-radius:5px\" srcset=\"https:\/\/eosgmbh.com\/wp-content\/uploads\/eos-academy-hoodie-.jpg 512w, https:\/\/eosgmbh.com\/wp-content\/uploads\/eos-academy-hoodie--237x300.jpg 237w, https:\/\/eosgmbh.com\/wp-content\/uploads\/eos-academy-hoodie--9x12.jpg 9w\" sizes=\"(max-width: 512px) 100vw, 512px\" \/><\/figure>\n\n\n\n<div class=\"wp-block-group wp-container-content-d0f1e62e is-vertical is-layout-flex wp-container-core-group-is-layout-fe9cc265 wp-block-group-is-layout-flex\">\n<h2 class=\"wp-block-heading has-primary-color has-text-color has-link-color has-h-2-font-size wp-elements-06253daac87f49ce3e255b139de6f598\">In-house training for your entire team<\/h2>\n\n\n\n<p class=\"has-primary-color has-text-color has-link-color wp-elements-89fda01dd6c457740be2d0a644dbb8a9\">Enterprise Open Systems (EOS) is a highly specialized IT consulting company with a focus on information security management.<\/p>\n\n\n\n<p>In this sensitive context, we make important contributions to our partners in shaping their IT strategy and tactics in order to achieve their security goals with certainty.<br>We operate across all industries, but have excellent experience in financial services, insurance, pharmaceuticals, chemicals and cloud providers.<\/p>\n\n\n\n<p class=\"has-primary-color has-text-color has-link-color wp-elements-50c2ac0659ef448a79965c6c3e58d65d\">Our employees have decades of expertise in the various aspects of IT security and are recognized specialists with various certifications.<\/p>\n\n\n\n<div class=\"wp-block-buttons is-layout-flex wp-block-buttons-is-layout-flex\" style=\"margin-top:15px\">\n<div class=\"wp-block-button is-style-is-arrow-button\"><a class=\"wp-block-button__link has-primary-gradient-gradient-background has-background wp-element-button\" href=\"https:\/\/eosgmbh.com\/en\/contact\/\" style=\"border-top-left-radius:5px;border-top-right-radius:5px;border-bottom-left-radius:5px;border-bottom-right-radius:5px;padding-top:20px;padding-right:25px;padding-bottom:20px;padding-left:25px;font-style:normal;font-weight:600\">Contact us<\/a><\/div>\n<\/div>\n<\/div>\n<\/div>\n\n\n\n<div style=\"height:100px\" aria-hidden=\"true\" class=\"wp-block-spacer is-style-l\"><\/div>\n<\/section>","protected":false},"excerpt":{"rendered":"<p>EOS Academy Resilienz durch Kompetenz Zertifikatslehrg\u00e4nge und SchulungenPraxisbew\u00e4hrt. Normkonform. Umsetzungssicher. Unsere Schulungen werden von aktiven CISOs, ISBs, ISMS- und BCM-Verantwortlichen durchgef\u00fchrt. Was Sie erwartet: Unsere Schulungen Zertifikatskurs IT-Grundschutz-Praktiker Basisschulung gem\u00e4\u00df BSI-Standards 200-x Zertifikatskurs BCM-Praktiker Basisschulung gem\u00e4\u00df BSI-Standard 200-4 Unsere Referenten Carsten Reffgen Cyber Security Experte seit 20 Jahren Niclas Felber Security Consultant Ayhan Dagli Senior [&hellip;]<\/p>\n","protected":false},"author":1,"featured_media":0,"parent":0,"menu_order":0,"comment_status":"closed","ping_status":"closed","template":"","meta":{"_acf_changed":false,"footnotes":""},"class_list":["post-1038","page","type-page","status-publish","hentry"],"acf":[],"_links":{"self":[{"href":"https:\/\/eosgmbh.com\/en\/wp-json\/wp\/v2\/pages\/1038","targetHints":{"allow":["GET"]}}],"collection":[{"href":"https:\/\/eosgmbh.com\/en\/wp-json\/wp\/v2\/pages"}],"about":[{"href":"https:\/\/eosgmbh.com\/en\/wp-json\/wp\/v2\/types\/page"}],"author":[{"embeddable":true,"href":"https:\/\/eosgmbh.com\/en\/wp-json\/wp\/v2\/users\/1"}],"replies":[{"embeddable":true,"href":"https:\/\/eosgmbh.com\/en\/wp-json\/wp\/v2\/comments?post=1038"}],"version-history":[{"count":4,"href":"https:\/\/eosgmbh.com\/en\/wp-json\/wp\/v2\/pages\/1038\/revisions"}],"predecessor-version":[{"id":1102,"href":"https:\/\/eosgmbh.com\/en\/wp-json\/wp\/v2\/pages\/1038\/revisions\/1102"}],"wp:attachment":[{"href":"https:\/\/eosgmbh.com\/en\/wp-json\/wp\/v2\/media?parent=1038"}],"curies":[{"name":"wp","href":"https:\/\/api.w.org\/{rel}","templated":true}]}}