{"id":45,"date":"2024-12-19T09:57:00","date_gmt":"2024-12-19T08:57:00","guid":{"rendered":"https:\/\/eosgmbh.com\/?page_id=45"},"modified":"2026-03-31T15:33:47","modified_gmt":"2026-03-31T13:33:47","slug":"about-us","status":"publish","type":"page","link":"https:\/\/eosgmbh.com\/en\/about-us\/","title":{"rendered":"About us"},"content":{"rendered":"\n    <section class=\"relative overflow-hidden main-hero-section pt-[140px] mt-[-120px]\">\n\n\n        <div class=\"p-5 mx-auto container max-w-[1166px] z-10 relative flex flex-wrap justify-between items-center\">\n\n            <div class=\"basis-full md:basis-[50%]\">\n                <h1 class=\"text-weiss fade-up-delayed \">Cyber-Sicherheit strategisch gestalten<\/h1>\n\n                \n                    <p class=\"text-weiss mt-5 fade-up-delayed\">Die Enterprise Open Systems (EOS) ist eine hochspezialisierte IT Consulting Manufaktur mit dem Kompetenzschwerpunkt Information Security Management.<\/p>\n                \n                \n\n\n            <\/div>\n\n            <div class=\"basis-full md:basis-[35%] my-[40px] md:mt-0 flex items-center justify-center\">\n\n                <img decoding=\"async\" class=\"w-full h-auto max-w-[270px] lg:max-w-full\" src=\"https:\/\/eosgmbh.com\/wp-content\/uploads\/eos-risiko-strategisch-gestalten.png\" alt=\"eos-risiko-strategisch-gestalten\" \/>\n\n            <\/div>\n\n        <\/div>\n\n\n    <\/section>\n\n\n\n\n    <section class=\"container p-5 mx-auto max-w-[1166px] flex flex-wrap justify-between items-center my-[50px] md:my-[100px]\">\n\n        <div class=\"basis-full md:basis-[44%]\">\n            <img decoding=\"async\" class=\"w-full h-auto rounded-[5px]\" src=\"https:\/\/eosgmbh.com\/wp-content\/uploads\/eos-tshirt-mockup.jpg\" alt=\"eos-tshirt-mockup\" \/>\n        <\/div>\n\n\n        <div class=\"basis-full md:basis-[50%] flex flex-col gap-3 items-start mt-6 md:mt-0\">\n            <h2>Strategische Beratung f\u00fcr digitale Exzellenz<\/h2>\n            <p> <p>Die Enterprise Open Systems (EOS) ist eine hochspezialisierte IT Consulting Manufaktur mit dem Kompetenzschwerpunkt Information Security Management.<\/p>\n<p>In diesem sensiblen Kontext leisten wir unseren Partnern wichtige Beitr\u00e4ge bei der Gestaltung ihrer IT-Strategie und Taktik, um die gesetzten Security Ziele mit Sicherheit zu erreichen.<br \/>\nWir sind branchen\u00fcbergreifend t\u00e4tig, verf\u00fcgen jedoch \u00fcber ausgezeichnete Erfahrungen in den Bereichen Chemie, Lebensmittel, Medizin, Maschinenbau, Automotive, IKT und Verteidigung.<\/p>\n <\/p>\n\n            <a class=\"text-weiss font-semibold flex items-center justify-center gap-2 blue-dark-gradient px-[25px] py-[20px] rounded-[5px] arrow-button mt-4\" href=\"https:\/\/eosgmbh.com\/kontakt\/\">\n                <span class=\"absolute w-full h-full blue-dark-gradient-overlay z-0 opacity-0\"><\/span>\n                <span class=\"z-10 relative\">Beratungsgespr\u00e4ch vereinbaren<\/span>\n                <svg class=\"origin-center\" width=\"15\" height=\"15\" viewBox=\"0 0 15 15\" fill=\"none\" xmlns=\"http:\/\/www.w3.org\/2000\/svg\">\n                    <path d=\"M14.6389 7.49999L7.28391 0.180542L6.53776 0.923094L12.6065 6.96959H0V8.03038H12.6065L6.53065 14.0769L7.28391 14.8194L14.6389 7.49999Z\" fill=\"white\" \/>\n                <\/svg>\n            <\/a>\n        <\/div>\n\n    <\/section>\n\n\n\n\n            <section class=\"bg-grau py-[60px] md:py-[100px] exp-sec\">\n                <div id=\"expertise\" class=\"container p-5 max-w-[1160px] mx-auto flex flex-col items-center justify-center mb-[70px] md:mb-[120px]  \">\n\n            <span class=\"text-lila text-[21px] font-medium text-center w-full\"> Mission &#038; Leitbild <\/span>\n            <h2 class=\"w-full text-schwarz text-center mt-4\">Cyber- und Informationsschutz f\u00fcr eine sichere Zukunft<\/h2>\n                            <div class=\"text-center mt-4 mb-6 md:mb-8 max-w-[840px]\">\n                    <p>Wir sch\u00fctzen den digitalen Lebensnerv unserer Kunden, indem wir sie gegen komplexe Cyber- und Informationsbedrohungen wappnen. Informationen betrachten wir als essenziellen Produktionsfaktor, der \u2013 \u00e4hnlich wie Kapital, Boden und Arbeitskraft \u2013 ma\u00dfgeblich \u00fcber den wirtschaftlichen und gesellschaftlichen Erfolg entscheidet. Unser Anspruch ist es, diesen Faktor verl\u00e4sslich und sicher zu machen, damit Unternehmen wie auch Staaten uneingeschr\u00e4nkt innovieren und wachsen k\u00f6nnen.<\/p>\n                <\/div>\n\n            \n            <div class=\"grid grid-cols-12 gap-[20px] w-full mt-14\">\n\n                \n                        \n                            <div class=\"fade-up relative overflow-hidden p-[40px] md:p-[50px] flex flex-col items-start rounded-[5px] service-box col-span-12 md:col-span-6\" style=\"background:linear-gradient(234deg, #21367a 16.7%, rgba(81, 98, 202, 0.80) 88.89%);\">\n\n                                <img decoding=\"async\" class=\"absolute w-full h-full object-cover top-0 left-0\" src=\"https:\/\/eosgmbh.com\/wp-content\/themes\/eos-webkonditorei\/assets\/images\/grain.webp\" alt=\"Grain Overlay\" \/>\n\n                                <span class=\"absolute top-[-40px] left-[-40px] w-[140%] h-[140%] service-overlay z-0 opacity-0\" style=\"background:linear-gradient(234deg, #21367a 45.7%, rgba(81, 98, 202, 0.80) 78.89%);\"><\/span>\n\n                                                                <h4 class=\"text-weiss relative z-10\">Vertrauen durch Offenheit<\/h4>\n                                <p class=\"text-weiss mt-3 relative z-10\">Wir kommunizieren transparent und ehrlich. Wer Chancen und Risiken klar anspricht, schafft ein Klima, in dem Fortschritt und Sicherheit Hand in Hand gehen.<\/p>\n\n\n                            <\/div>\n\n                        \n                \n                        \n                            <div class=\"fade-up relative overflow-hidden p-[40px] md:p-[50px] flex flex-col items-start rounded-[5px] service-box col-span-12 md:col-span-6\" style=\"background:linear-gradient(234deg, #21367a 16.7%, rgba(81, 98, 202, 0.80) 88.89%);\">\n\n                                <img decoding=\"async\" class=\"absolute w-full h-full object-cover top-0 left-0\" src=\"https:\/\/eosgmbh.com\/wp-content\/themes\/eos-webkonditorei\/assets\/images\/grain.webp\" alt=\"Grain Overlay\" \/>\n\n                                <span class=\"absolute top-[-40px] left-[-40px] w-[140%] h-[140%] service-overlay z-0 opacity-0\" style=\"background:linear-gradient(234deg, #21367a 45.7%, rgba(81, 98, 202, 0.80) 78.89%);\"><\/span>\n\n                                                                <h4 class=\"text-weiss relative z-10\">Kompetenz durch Weiterentwicklung<\/h4>\n                                <p class=\"text-weiss mt-3 relative z-10\">Wir bilden uns kontinuierlich fort und setzen auf modernste Technologien. So bleiben wir stets auf dem neuesten Stand und bieten L\u00f6sungen, die langfristig \u00fcberzeugen.<\/p>\n\n\n                            <\/div>\n\n                        \n                \n                        \n                            <div class=\"fade-up relative overflow-hidden p-[40px] md:p-[50px] flex flex-col items-start rounded-[5px] service-box col-span-12 md:col-span-7\" style=\"background:linear-gradient(234deg, #21367a 16.7%, rgba(81, 98, 202, 0.80) 88.89%);\">\n\n                                <img decoding=\"async\" class=\"absolute w-full h-full object-cover top-0 left-0\" src=\"https:\/\/eosgmbh.com\/wp-content\/themes\/eos-webkonditorei\/assets\/images\/grain.webp\" alt=\"Grain Overlay\" \/>\n\n                                <span class=\"absolute top-[-40px] left-[-40px] w-[140%] h-[140%] service-overlay z-0 opacity-0\" style=\"background:linear-gradient(234deg, #21367a 45.7%, rgba(81, 98, 202, 0.80) 78.89%);\"><\/span>\n\n                                                                <h4 class=\"text-weiss relative z-10\">Integrit\u00e4t durch Verantwortung<\/h4>\n                                <p class=\"text-weiss mt-3 relative z-10\">Wir stehen zu unseren Entscheidungen und folgen klaren Prinzipien. Nur wenn Handeln und Versprechen \u00fcbereinstimmen, entsteht echte Glaubw\u00fcrdigkeit.<\/p>\n\n\n                            <\/div>\n\n                        \n                \n                        \n                            <div class=\"fade-up relative overflow-hidden p-[40px] md:p-[50px] flex flex-col items-start rounded-[5px] service-box col-span-12 md:col-span-5\" style=\"background:linear-gradient(234deg, #21367a 16.7%, rgba(81, 98, 202, 0.80) 88.89%);\">\n\n                                <img decoding=\"async\" class=\"absolute w-full h-full object-cover top-0 left-0\" src=\"https:\/\/eosgmbh.com\/wp-content\/themes\/eos-webkonditorei\/assets\/images\/grain.webp\" alt=\"Grain Overlay\" \/>\n\n                                <span class=\"absolute top-[-40px] left-[-40px] w-[140%] h-[140%] service-overlay z-0 opacity-0\" style=\"background:linear-gradient(234deg, #21367a 45.7%, rgba(81, 98, 202, 0.80) 78.89%);\"><\/span>\n\n                                                                <h4 class=\"text-weiss relative z-10\">Verl\u00e4sslichkeit durch Absprache<\/h4>\n                                <p class=\"text-weiss mt-3 relative z-10\">Verbindliche Ziele und Zust\u00e4ndigkeiten garantieren Planungssicherheit. Wir halten uns an vereinbarte Deadlines und sorgen f\u00fcr reibungslose Abl\u00e4ufe.<\/p>\n\n\n                            <\/div>\n\n                        \n                \n                        \n                            <div class=\"fade-up relative overflow-hidden p-[40px] md:p-[50px] flex flex-col items-start rounded-[5px] service-box col-span-12 md:col-span-6\" style=\"background:linear-gradient(234deg, #21367a 16.7%, rgba(81, 98, 202, 0.80) 88.89%);\">\n\n                                <img decoding=\"async\" class=\"absolute w-full h-full object-cover top-0 left-0\" src=\"https:\/\/eosgmbh.com\/wp-content\/themes\/eos-webkonditorei\/assets\/images\/grain.webp\" alt=\"Grain Overlay\" \/>\n\n                                <span class=\"absolute top-[-40px] left-[-40px] w-[140%] h-[140%] service-overlay z-0 opacity-0\" style=\"background:linear-gradient(234deg, #21367a 45.7%, rgba(81, 98, 202, 0.80) 78.89%);\"><\/span>\n\n                                                                <h4 class=\"text-weiss relative z-10\">Respekt durch Wertsch\u00e4tzung<\/h4>\n                                <p class=\"text-weiss mt-3 relative z-10\">Wir sehen in jeder Pers\u00f6nlichkeit einen Mehrwert und begegnen allen mit gleicher Achtung. Wer zuh\u00f6rt und unterschiedliche Perspektiven anerkennt, nutzt das volle Potenzial des Teams.<\/p>\n\n\n                            <\/div>\n\n                        \n                \n                        \n                            <div class=\"fade-up relative overflow-hidden p-[40px] md:p-[50px] flex flex-col items-start rounded-[5px] service-box col-span-12 md:col-span-6\" style=\"background:linear-gradient(234deg, #21367a 16.7%, rgba(81, 98, 202, 0.80) 88.89%);\">\n\n                                <img decoding=\"async\" class=\"absolute w-full h-full object-cover top-0 left-0\" src=\"https:\/\/eosgmbh.com\/wp-content\/themes\/eos-webkonditorei\/assets\/images\/grain.webp\" alt=\"Grain Overlay\" \/>\n\n                                <span class=\"absolute top-[-40px] left-[-40px] w-[140%] h-[140%] service-overlay z-0 opacity-0\" style=\"background:linear-gradient(234deg, #21367a 45.7%, rgba(81, 98, 202, 0.80) 78.89%);\"><\/span>\n\n                                                                <h4 class=\"text-weiss relative z-10\">Vertraulichkeit durch Diskretion<\/h4>\n                                <p class=\"text-weiss mt-3 relative z-10\">Informationen, die wir erhalten, behandeln wir vertraulich und geben sie nur weiter, wenn es unbedingt notwendig ist. So bewahren wir das Vertrauen unserer Kunden und sch\u00fctzen ihre sensiblen Daten.<\/p>\n\n\n                            <\/div>\n\n                        \n                \n            <\/div>\n\n\n\n\n\n        <\/div>\n\n                <\/section>\n    \n\n\n\n    <section class=\"container px-[35px] py-[65px] md:p-[100px] mx-auto max-w-[1166px] flex flex-wrap justify-center items-center my-[50px] md:my-[100px] md:rounded-[5px] relative overflow-hidden main-hero-section \">\n\n\n\n        <h3 class=\"text-weiss relative z-10 text-center\"> Unser Team aus exzelleten Talenten <\/h3>\n\n        <div class=\"grid grid-cols-12 gap-6 md:gap-12 relative z-10 mt-14 lg:max-w-[800px] items-start\">\n\n            \n                    <div class=\"col-span-6 md:col-span-4 flex flex-col items-center justify-center gap-4\">\n\n                        <img decoding=\"async\" class=\"w-full h-auto rounded-full aspect-sqaure object-fit\" src=\"https:\/\/eosgmbh.com\/wp-content\/uploads\/reffgen.jpg\" alt=\"reffgen\" \/>\n\n                        <span class=\"font-medium text-weiss text-center\">Carsten Reffgen, CEO<\/span>\n\n                    <\/div>\n\n            \n                    <div class=\"col-span-6 md:col-span-4 flex flex-col items-center justify-center gap-4\">\n\n                        <img decoding=\"async\" class=\"w-full h-auto rounded-full aspect-sqaure object-fit\" src=\"https:\/\/eosgmbh.com\/wp-content\/uploads\/niklas-felber-eos.jpg\" alt=\"niklas felber -eos\" \/>\n\n                        <span class=\"font-medium text-weiss text-center\">Niclas Felber, Security Consultant<\/span>\n\n                    <\/div>\n\n            \n                    <div class=\"col-span-6 md:col-span-4 flex flex-col items-center justify-center gap-4\">\n\n                        <img decoding=\"async\" class=\"w-full h-auto rounded-full aspect-sqaure object-fit\" src=\"https:\/\/eosgmbh.com\/wp-content\/uploads\/ayhan-foto.jpg\" alt=\"ayhan-foto\" \/>\n\n                        <span class=\"font-medium text-weiss text-center\">Ayhan Dagli, Senior Security Consultant<\/span>\n\n                    <\/div>\n\n            \n                    <div class=\"col-span-6 md:col-span-4 flex flex-col items-center justify-center gap-4\">\n\n                        <img decoding=\"async\" class=\"w-full h-auto rounded-full aspect-sqaure object-fit\" src=\"https:\/\/eosgmbh.com\/wp-content\/uploads\/ayhan-dagli-eos.jpg\" alt=\"ayhan dagli - eos\" \/>\n\n                        <span class=\"font-medium text-weiss text-center\">Du? Schau auf unserer Karriereseite vorbei!<\/span>\n\n                    <\/div>\n\n                    <\/div>\n\n    <\/section>\n\n\n\n\n    <section class=\"bg-grau my-[70px] md:my-[120px] py-[40px] md:py-[70px]\">\n\n        <div class=\"container p-5 max-w-[1160px] mx-auto flex flex-wrap justify-between items-center\">\n\n\n            <div class=\"grid grid-cols-2 gap-[20px]\">\n\n                \n                        <div class=\"main-hero-section col-span-2 md:col-span-1 text-weiss p-[35px] md:p-[50px] rounded-[5px] flex flex-col items-start gap-[15px]\">\n\n                            <p>\u201eDank der strukturierten Herangehensweise und der professionellen Beratung durch EOS Enterprise Open Systems konnten wir die TISAX-Zertifizierung reibungslos umsetzen. Heute profitieren wir von h\u00f6herer Informationssicherheit und einem klaren Wettbewerbsvorteil. Vielen Dank f\u00fcr die Unterst\u00fctzung!\u201c<\/p>\n\n                            <span class=\"text-[14px]\">Thomas Mohr, IT-Security, Lohmann GmbH&#038;Co. KG<\/span>\n\n                            <img decoding=\"async\" class=\"w-auto max-h-[31px] relative z-10 mt-3\" src=\"https:\/\/eosgmbh.com\/wp-content\/uploads\/lohmann-logo-weiss.svg\" alt=\"lohmann-logo-weiss\" \/>\n\n                        <\/div>\n\n                \n                        <div class=\"main-hero-section col-span-2 md:col-span-1 text-weiss p-[35px] md:p-[50px] rounded-[5px] flex flex-col items-start gap-[15px]\">\n\n                            <p>&#8222;We have been collaborating with our partner, EOS Enterprise Open Systems, and I want to express that this partnership is very professional, respectful, and transparent. The team led by Mr. Reffgen has been instrumental in helping us successfully build our ISMS system and thereby making the company more secure.&#8220;<\/p>\n\n                            <span class=\"text-[14px]\">Volker J\u00fcrgens Group CISO, Vossloh AG<\/span>\n\n                            <img decoding=\"async\" class=\"w-auto max-h-[31px] relative z-10 mt-3\" src=\"https:\/\/eosgmbh.com\/wp-content\/uploads\/vossloh-logo-weiss.svg\" alt=\"vossloh-logo-weiss\" \/>\n\n                        <\/div>\n\n                \n\n            <\/div>\n\n\n            <div class=\"w-full flex flex-wrap justify-between gap-[30px] items-start opacity-[0.75] mt-[50px]\">\n\n                \n                        <div class=\"max-w-full md:max-w-[330px] fade-up\">\n\n                            <span class=\"font-semibold text-dunkelblau text-[16px]\">In 16 L\u00e4ndern aktiv<\/span>\n\n                            <p class=\"text-dunkelblau text-[16px]\">Wir sch\u00fctzen tausende digitale Assets vor Cyber-Bedrohungen.<\/p>\n\n\n\n                        <\/div>\n\n                \n                        <div class=\"max-w-full md:max-w-[330px] fade-up\">\n\n                            <span class=\"font-semibold text-dunkelblau text-[16px]\">Seit 2011 an Ihrer Seite<\/span>\n\n                            <p class=\"text-dunkelblau text-[16px]\">\u00dcber ein Jahrzehnt Erfahrung als zuverl\u00e4ssiger Partner f\u00fcr Cyber-Sicherheit.<\/p>\n\n\n\n                        <\/div>\n\n                \n                        <div class=\"max-w-full md:max-w-[330px] fade-up\">\n\n                            <span class=\"font-semibold text-dunkelblau text-[16px]\">100\u202f% unabh\u00e4ngig &#038; herstellerneutral<\/span>\n\n                            <p class=\"text-dunkelblau text-[16px]\">Unsere Beratung folgt keiner Verkaufsagenda \u2013 sondern nur einem Ziel: Ihrer Sicherheit.<\/p>\n\n\n\n                        <\/div>\n\n                \n            <\/div>\n\n            <div class=\"w-full flex justify-center flex-wrap gap-6 mt-14\">\n\n\n                <a class=\"w-full md:w-auto text-schwarz font-semibold flex items-center justify-center gap-2 px-[25px] py-[5  px] rounded-[5px] arrow-button\" href=\"https:\/\/eosgmbh.com\/kontakt\/\">\n\n                    mein Unternehmen absichern                    <svg class=\"origin-center\" width=\"15\" height=\"15\" viewBox=\"0 0 15 15\" fill=\"none\" xmlns=\"http:\/\/www.w3.org\/2000\/svg\">\n                        <path d=\"M14.6389 7.49999L7.28391 0.180542L6.53776 0.923094L12.6065 6.96959H0V8.03038H12.6065L6.53065 14.0769L7.28391 14.8194L14.6389 7.49999Z\" fill=\"#111318\" \/>\n                    <\/svg>\n                <\/a>\n\n\n            <\/div>\n\n\n        <\/div>\n    <\/section>\n\n","protected":false},"excerpt":{"rendered":"","protected":false},"author":1,"featured_media":0,"parent":0,"menu_order":0,"comment_status":"closed","ping_status":"closed","template":"","meta":{"_acf_changed":false,"footnotes":""},"class_list":["post-45","page","type-page","status-publish","hentry"],"acf":[],"_links":{"self":[{"href":"https:\/\/eosgmbh.com\/en\/wp-json\/wp\/v2\/pages\/45","targetHints":{"allow":["GET"]}}],"collection":[{"href":"https:\/\/eosgmbh.com\/en\/wp-json\/wp\/v2\/pages"}],"about":[{"href":"https:\/\/eosgmbh.com\/en\/wp-json\/wp\/v2\/types\/page"}],"author":[{"embeddable":true,"href":"https:\/\/eosgmbh.com\/en\/wp-json\/wp\/v2\/users\/1"}],"replies":[{"embeddable":true,"href":"https:\/\/eosgmbh.com\/en\/wp-json\/wp\/v2\/comments?post=45"}],"version-history":[{"count":37,"href":"https:\/\/eosgmbh.com\/en\/wp-json\/wp\/v2\/pages\/45\/revisions"}],"predecessor-version":[{"id":1101,"href":"https:\/\/eosgmbh.com\/en\/wp-json\/wp\/v2\/pages\/45\/revisions\/1101"}],"wp:attachment":[{"href":"https:\/\/eosgmbh.com\/en\/wp-json\/wp\/v2\/media?parent=45"}],"curies":[{"name":"wp","href":"https:\/\/api.w.org\/{rel}","templated":true}]}}